{"id":10,"date":"2024-03-24T14:06:49","date_gmt":"2024-03-24T13:06:49","guid":{"rendered":"https:\/\/zsrudnawielka.pl\/?page_id=10"},"modified":"2024-04-14T22:14:24","modified_gmt":"2024-04-14T20:14:24","slug":"kontakt","status":"publish","type":"page","link":"https:\/\/zsrudnawielka.pl\/index.php\/kontakt\/","title":{"rendered":"Kontakt"},"content":{"rendered":"\n<p>Witamy serdecznie na naszej podstronie, gdzie po\u015bwi\u0119camy uwag\u0119 naszej redakcji! Jeste\u015bmy ekip\u0105 pasjonat\u00f3w, kt\u00f3rzy nieustannie d\u0105\u017c\u0105 do dostarczania Wam najbardziej rzetelnych i interesuj\u0105cych informacji z r\u00f3\u017cnych dziedzin \u017cycia. Nasza redakcja sk\u0142ada si\u0119 z do\u015bwiadczonych dziennikarzy, redaktor\u00f3w oraz specjalist\u00f3w z r\u00f3\u017cnych dziedzin, co gwarantuje prezentacj\u0119 tre\u015bci aktualnych, gruntownie opracowanych i godnych zaufania. Naszym priorytetem jest zapewnienie naszym czytelnikom r\u00f3\u017cnorodnych tre\u015bci, kt\u00f3re pomog\u0105 im zrozumie\u0107 \u015bwiat, \u015bledzi\u0107 najnowsze wydarzenia i rozwija\u0107 wiedz\u0119 na r\u00f3\u017cnorodne tematy. Jeste\u015bmy r\u00f3wnie\u017c otwarci na Wasze sugestie i opinie, dlatego zach\u0119camy do kontaktu z nami w przypadku pyta\u0144, uwag lub propozycji dotycz\u0105cych naszej dzia\u0142alno\u015bci. Wasze opinie s\u0105 dla nas niezwykle cenne i pomagaj\u0105 nam w sta\u0142ym doskonaleniu naszej pracy. Dzi\u0119kujemy, \u017ce jeste\u015bcie z nami i ufacie nam jako wiarygodnemu \u017ar\u00f3d\u0142u informacji. Serdecznie zapraszamy do regularnego odwiedzania naszego portalu oraz \u015bledzenia naszych profili na platformach spo\u0142eczno\u015bciowych, aby by\u0107 na bie\u017c\u0105co z najnowszymi aktualizacjami!<\/p>\n\n\n\n<div class=\"wp-block-contact-form-7-contact-form-selector\">\n<div class=\"wpcf7 no-js\" id=\"wpcf7-f6-o1\" lang=\"pl-PL\" dir=\"ltr\">\n<div class=\"screen-reader-response\"><p role=\"status\" aria-live=\"polite\" aria-atomic=\"true\"><\/p> <ul><\/ul><\/div>\n<form action=\"\/index.php\/wp-json\/wp\/v2\/pages\/10#wpcf7-f6-o1\" method=\"post\" class=\"wpcf7-form init\" aria-label=\"Formularz kontaktowy\" novalidate=\"novalidate\" data-status=\"init\">\n<div style=\"display: none;\">\n<input type=\"hidden\" name=\"_wpcf7\" value=\"6\" \/>\n<input type=\"hidden\" name=\"_wpcf7_version\" value=\"5.9.3\" \/>\n<input type=\"hidden\" name=\"_wpcf7_locale\" value=\"pl_PL\" \/>\n<input type=\"hidden\" name=\"_wpcf7_unit_tag\" value=\"wpcf7-f6-o1\" \/>\n<input type=\"hidden\" name=\"_wpcf7_container_post\" value=\"0\" \/>\n<input type=\"hidden\" name=\"_wpcf7_posted_data_hash\" value=\"\" \/>\n<\/div>\n<p><label> Twoje imi\u0119 i nazwisko<br \/>\n<span class=\"wpcf7-form-control-wrap\" data-name=\"your-name\"><input size=\"40\" class=\"wpcf7-form-control wpcf7-text wpcf7-validates-as-required\" autocomplete=\"name\" aria-required=\"true\" aria-invalid=\"false\" value=\"\" type=\"text\" name=\"your-name\" \/><\/span> <\/label>\n<\/p>\n<p><label> Tw\u00f3j adres e-mail<br \/>\n<span class=\"wpcf7-form-control-wrap\" data-name=\"your-email\"><input size=\"40\" class=\"wpcf7-form-control wpcf7-email wpcf7-validates-as-required wpcf7-text wpcf7-validates-as-email\" autocomplete=\"email\" aria-required=\"true\" aria-invalid=\"false\" value=\"\" type=\"email\" name=\"your-email\" \/><\/span> <\/label>\n<\/p>\n<p><label> Temat<br \/>\n<span class=\"wpcf7-form-control-wrap\" data-name=\"your-subject\"><input size=\"40\" class=\"wpcf7-form-control wpcf7-text wpcf7-validates-as-required\" aria-required=\"true\" aria-invalid=\"false\" value=\"\" type=\"text\" name=\"your-subject\" \/><\/span> <\/label>\n<\/p>\n<p><label> Twoja wiadomo\u015bci (opcjonalne)<br \/>\n<span class=\"wpcf7-form-control-wrap\" data-name=\"your-message\"><textarea cols=\"40\" rows=\"10\" class=\"wpcf7-form-control wpcf7-textarea\" aria-invalid=\"false\" name=\"your-message\"><\/textarea><\/span> <\/label>\n<\/p>\n<p><input class=\"wpcf7-form-control wpcf7-submit has-spinner\" type=\"submit\" value=\"Wy\u015blij\" \/>\n<\/p><div class=\"wpcf7-response-output\" aria-hidden=\"true\"><\/div>\n<\/form>\n<\/div>\n<\/div>\n","protected":false},"excerpt":{"rendered":"<p>Witamy serdecznie na naszej podstronie, gdzie po\u015bwi\u0119camy uwag\u0119 naszej redakcji! Jeste\u015bmy ekip\u0105 pasjonat\u00f3w, kt\u00f3rzy nieustannie d\u0105\u017c\u0105 do dostarczania Wam najbardziej rzetelnych i interesuj\u0105cych informacji z <a href=\"https:\/\/zsrudnawielka.pl\/index.php\/kontakt\/\" class=\"read-more-link\">[Read More&#8230;]<\/a><\/p>\n","protected":false},"author":1,"featured_media":0,"parent":0,"menu_order":0,"comment_status":"closed","ping_status":"closed","template":"","meta":{"footnotes":""},"class_list":["post-10","page","type-page","status-publish","hentry"],"_links":{"self":[{"href":"https:\/\/zsrudnawielka.pl\/index.php\/wp-json\/wp\/v2\/pages\/10","targetHints":{"allow":["GET"]}}],"collection":[{"href":"https:\/\/zsrudnawielka.pl\/index.php\/wp-json\/wp\/v2\/pages"}],"about":[{"href":"https:\/\/zsrudnawielka.pl\/index.php\/wp-json\/wp\/v2\/types\/page"}],"author":[{"embeddable":true,"href":"https:\/\/zsrudnawielka.pl\/index.php\/wp-json\/wp\/v2\/users\/1"}],"replies":[{"embeddable":true,"href":"https:\/\/zsrudnawielka.pl\/index.php\/wp-json\/wp\/v2\/comments?post=10"}],"version-history":[{"count":2,"href":"https:\/\/zsrudnawielka.pl\/index.php\/wp-json\/wp\/v2\/pages\/10\/revisions"}],"predecessor-version":[{"id":24,"href":"https:\/\/zsrudnawielka.pl\/index.php\/wp-json\/wp\/v2\/pages\/10\/revisions\/24"}],"wp:attachment":[{"href":"https:\/\/zsrudnawielka.pl\/index.php\/wp-json\/wp\/v2\/media?parent=10"}],"curies":[{"name":"wp","href":"https:\/\/api.w.org\/{rel}","templated":true}]}}